{"id":88,"date":"2023-10-29T15:24:37","date_gmt":"2023-10-29T14:24:37","guid":{"rendered":"https:\/\/magnetiseur-a-distance.net\/?page_id=88"},"modified":"2026-01-10T17:02:14","modified_gmt":"2026-01-10T16:02:14","slug":"avis-magnetiseur-a-distance","status":"publish","type":"page","link":"https:\/\/www.magnetiseur-a-distance.net\/index.php\/avis-magnetiseur-a-distance\/","title":{"rendered":"Avis magn\u00e9tiseur \u00e0 distance"},"content":{"rendered":"\n<div style=\"height:100px\" aria-hidden=\"true\" class=\"wp-block-spacer\"><\/div>\n\n\n\n<h2 class=\"wp-block-heading has-text-align-center has-link-color wp-elements-8475d503bfda6185ad492a40be35b07f\">Voici quelque exemple de commentaire <a href=\"https:\/\/www.facebook.com\/\">Facebook<\/a><\/h2>\n\n\n\n<figure class=\"wp-block-image aligncenter size-large is-resized\"><a href=\"facebook.com\/NicolasMagnetiseur34\"><img loading=\"lazy\" decoding=\"async\" width=\"1024\" height=\"203\" src=\"https:\/\/magnetiseur-a-distance.net\/wp-content\/uploads\/2023\/10\/Julie-G-1024x203.png\" alt=\"\" class=\"wp-image-93\" style=\"width:887px;height:auto\" srcset=\"https:\/\/www.magnetiseur-a-distance.net\/wp-content\/uploads\/2023\/10\/Julie-G-1024x203.png 1024w, https:\/\/www.magnetiseur-a-distance.net\/wp-content\/uploads\/2023\/10\/Julie-G-300x59.png 300w, https:\/\/www.magnetiseur-a-distance.net\/wp-content\/uploads\/2023\/10\/Julie-G-768x152.png 768w, https:\/\/www.magnetiseur-a-distance.net\/wp-content\/uploads\/2023\/10\/Julie-G.png 1358w\" sizes=\"auto, (max-width: 1024px) 100vw, 1024px\" \/><\/a><figcaption class=\"wp-element-caption\"><em>Citation de Julie G. \u00ab\u00a0Nicolas est quelqu&rsquo;un de sensible qui sait cerner d&rsquo;o\u00f9 viennent nos maux avec ses mots. Ses s\u00e9ances ont \u00e9t\u00e9 b\u00e9n\u00e9fiques, le chemin reste \u00e0 faire. La cl\u00e9 est en nous mais un r\u00e9el apaisement apr\u00e8s ses s\u00e9ances \u00e0 distance. Foncez !\u00a0\u00bb<\/em><\/figcaption><\/figure>\n\n\n\n<figure class=\"wp-block-image aligncenter size-full\"><a href=\"facebook.com\/NicolasMagnetiseur34\"><img loading=\"lazy\" decoding=\"async\" width=\"335\" height=\"252\" src=\"https:\/\/magnetiseur-a-distance.net\/wp-content\/uploads\/2023\/10\/Aude-T.png\" alt=\"\" class=\"wp-image-89\" srcset=\"https:\/\/www.magnetiseur-a-distance.net\/wp-content\/uploads\/2023\/10\/Aude-T.png 335w, https:\/\/www.magnetiseur-a-distance.net\/wp-content\/uploads\/2023\/10\/Aude-T-300x226.png 300w\" sizes=\"auto, (max-width: 335px) 100vw, 335px\" \/><\/a><figcaption class=\"wp-element-caption\"><em>\u00ab\u00a0Gentille personne, \u00e0 l&rsquo;\u00e9coute. Donne de bons conseils\u00a0\u00bb. Aude T.\u00a0\u00bb<\/em><\/figcaption><\/figure>\n\n\n\n<figure data-wp-context=\"{&quot;imageId&quot;:&quot;6a01a28771bf8&quot;}\" data-wp-interactive=\"core\/image\" data-wp-key=\"6a01a28771bf8\" class=\"wp-block-image aligncenter size-full wp-lightbox-container\"><img loading=\"lazy\" decoding=\"async\" width=\"314\" height=\"166\" data-wp-class--hide=\"state.isContentHidden\" data-wp-class--show=\"state.isContentVisible\" data-wp-init=\"callbacks.setButtonStyles\" data-wp-on--click=\"actions.showLightbox\" data-wp-on--load=\"callbacks.setButtonStyles\" data-wp-on-window--resize=\"callbacks.setButtonStyles\" src=\"https:\/\/magnetiseur-a-distance.net\/wp-content\/uploads\/2023\/10\/Cedric-V.png\" alt=\"\" class=\"wp-image-90\" srcset=\"https:\/\/www.magnetiseur-a-distance.net\/wp-content\/uploads\/2023\/10\/Cedric-V.png 314w, https:\/\/www.magnetiseur-a-distance.net\/wp-content\/uploads\/2023\/10\/Cedric-V-300x159.png 300w\" sizes=\"auto, (max-width: 314px) 100vw, 314px\" \/><button\n\t\t\tclass=\"lightbox-trigger\"\n\t\t\ttype=\"button\"\n\t\t\taria-haspopup=\"dialog\"\n\t\t\taria-label=\"Agrandir\"\n\t\t\tdata-wp-init=\"callbacks.initTriggerButton\"\n\t\t\tdata-wp-on--click=\"actions.showLightbox\"\n\t\t\tdata-wp-style--right=\"state.imageButtonRight\"\n\t\t\tdata-wp-style--top=\"state.imageButtonTop\"\n\t\t>\n\t\t\t<svg xmlns=\"http:\/\/www.w3.org\/2000\/svg\" width=\"12\" height=\"12\" fill=\"none\" viewBox=\"0 0 12 12\">\n\t\t\t\t<path fill=\"#fff\" d=\"M2 0a2 2 0 0 0-2 2v2h1.5V2a.5.5 0 0 1 .5-.5h2V0H2Zm2 10.5H2a.5.5 0 0 1-.5-.5V8H0v2a2 2 0 0 0 2 2h2v-1.5ZM8 12v-1.5h2a.5.5 0 0 0 .5-.5V8H12v2a2 2 0 0 1-2 2H8Zm2-12a2 2 0 0 1 2 2v2h-1.5V2a.5.5 0 0 0-.5-.5H8V0h2Z\" \/>\n\t\t\t<\/svg>\n\t\t<\/button><figcaption class=\"wp-element-caption\"><em>Pour ma part je laisse un avis positif et tr\u00e8s enrichissant, d&rsquo;une exp\u00e9rience, tr\u00e8s professionnel il m&rsquo;a aid\u00e9 \u00e0 soulager mon hypersensibilit\u00e9 et mes douleur je le remercie et je le recommande. C\u00e9dric S.<\/em><\/figcaption><\/figure>\n\n\n\n<figure class=\"wp-block-image aligncenter size-full\"><img loading=\"lazy\" decoding=\"async\" width=\"729\" height=\"111\" src=\"https:\/\/magnetiseur-a-distance.net\/wp-content\/uploads\/2023\/11\/Lauranne-2.png\" alt=\"\" class=\"wp-image-211\" srcset=\"https:\/\/www.magnetiseur-a-distance.net\/wp-content\/uploads\/2023\/11\/Lauranne-2.png 729w, https:\/\/www.magnetiseur-a-distance.net\/wp-content\/uploads\/2023\/11\/Lauranne-2-300x46.png 300w\" sizes=\"auto, (max-width: 729px) 100vw, 729px\" \/><figcaption class=\"wp-element-caption\"><em>Une p\u00e9pite parmi les p\u00e9pites. Nicolas a su m&rsquo;apaiser et calmer ma dermatite. Vous pouvez y aller les yeux ferm\u00e9s ! Merci encore. Lauranne<\/em><\/figcaption><\/figure>\n\n\n\n<figure class=\"wp-block-image aligncenter size-full\"><img loading=\"lazy\" decoding=\"async\" width=\"849\" height=\"242\" src=\"https:\/\/magnetiseur-a-distance.net\/wp-content\/uploads\/2023\/11\/Danielle-B-2.png\" alt=\"\" class=\"wp-image-210\" srcset=\"https:\/\/www.magnetiseur-a-distance.net\/wp-content\/uploads\/2023\/11\/Danielle-B-2.png 849w, https:\/\/www.magnetiseur-a-distance.net\/wp-content\/uploads\/2023\/11\/Danielle-B-2-300x86.png 300w, https:\/\/www.magnetiseur-a-distance.net\/wp-content\/uploads\/2023\/11\/Danielle-B-2-768x219.png 768w\" sizes=\"auto, (max-width: 849px) 100vw, 849px\" \/><figcaption class=\"wp-element-caption\"><em>R\u00e9sultat incroyable apr\u00e8s une premi\u00e8re s\u00e9ance. Avant j&rsquo;\u00e9tais fatigu\u00e9e, j&rsquo;ai d\u00e9j\u00e0 retrouv\u00e9 un meilleur sommeil et une pleine forme ! Merci. Danielle B.<\/em><\/figcaption><\/figure>\n\n\n\n<figure class=\"wp-block-image aligncenter size-full\"><img loading=\"lazy\" decoding=\"async\" width=\"940\" height=\"191\" src=\"https:\/\/magnetiseur-a-distance.net\/wp-content\/uploads\/2023\/11\/Valerie-V2.jpg\" alt=\"\" class=\"wp-image-209\" srcset=\"https:\/\/www.magnetiseur-a-distance.net\/wp-content\/uploads\/2023\/11\/Valerie-V2.jpg 940w, https:\/\/www.magnetiseur-a-distance.net\/wp-content\/uploads\/2023\/11\/Valerie-V2-300x61.jpg 300w, https:\/\/www.magnetiseur-a-distance.net\/wp-content\/uploads\/2023\/11\/Valerie-V2-768x156.jpg 768w\" sizes=\"auto, (max-width: 940px) 100vw, 940px\" \/><figcaption class=\"wp-element-caption\"><em>Citation de Val\u00e9rie V. :\u00a0\u00bbMerci beaucoup pour vos soins, c&rsquo;est la 1\u00e8re fois que je vis cette exp\u00e9rience sans trop savoir \u00e0 quoi je pouvais m&rsquo;attendre&#8230; merci beaucoup pour avoir att\u00e9nu\u00e9 mes douleurs chroniques et surtout de m&rsquo;avoir redonn\u00e9 de la vitalit\u00e9. Il y a longtemps que je ne m&rsquo;\u00e9tais pas sentie aussi bien. gratitude infinie.\u00a0\u00bb<\/em><\/figcaption><\/figure>\n\n\n\n<figure class=\"wp-block-image aligncenter size-large\"><img loading=\"lazy\" decoding=\"async\" width=\"1024\" height=\"285\" src=\"https:\/\/magnetiseur-a-distance.net\/wp-content\/uploads\/2023\/11\/Patricia-L-1024x285.png\" alt=\"\" class=\"wp-image-199\" srcset=\"https:\/\/www.magnetiseur-a-distance.net\/wp-content\/uploads\/2023\/11\/Patricia-L-1024x285.png 1024w, https:\/\/www.magnetiseur-a-distance.net\/wp-content\/uploads\/2023\/11\/Patricia-L-300x83.png 300w, https:\/\/www.magnetiseur-a-distance.net\/wp-content\/uploads\/2023\/11\/Patricia-L-768x213.png 768w, https:\/\/www.magnetiseur-a-distance.net\/wp-content\/uploads\/2023\/11\/Patricia-L.png 1094w\" sizes=\"auto, (max-width: 1024px) 100vw, 1024px\" \/><figcaption class=\"wp-element-caption\"><em>Citation de Patricia L. \u00ab\u00a0R\u00e9sultat incroyable. Fatigu\u00e9e. Maux de t\u00eate violent. Durant l&rsquo;\u00e9change t\u00e9l\u00e9phonique, je sentais d\u00e9j\u00e0 un effet de douceur et d&rsquo;apaisement (avant que la s\u00e9ance est commenc\u00e9e) Et maintenant j&rsquo;ai retrouv\u00e9 mon \u00e9nergie, plus de maux de t\u00eate et une profonde tranquillit\u00e9 circule en moi. Merci Nicolas pour ton \u00e9coute, et ce magnifique travail. F\u00e9licitations\u00a0\u00bb.<\/em><\/figcaption><\/figure>\n\n\n\n<figure class=\"wp-block-gallery has-nested-images columns-default is-cropped wp-block-gallery-1 is-layout-flex wp-block-gallery-is-layout-flex\">\n<figure class=\"wp-block-image aligncenter size-large\"><img loading=\"lazy\" decoding=\"async\" width=\"976\" height=\"514\" data-id=\"91\" src=\"https:\/\/magnetiseur-a-distance.net\/wp-content\/uploads\/2023\/10\/commentaires.png\" alt=\"\" class=\"wp-image-91\" style=\"aspect-ratio:1.8988326848249026\" srcset=\"https:\/\/www.magnetiseur-a-distance.net\/wp-content\/uploads\/2023\/10\/commentaires.png 976w, https:\/\/www.magnetiseur-a-distance.net\/wp-content\/uploads\/2023\/10\/commentaires-300x158.png 300w, https:\/\/www.magnetiseur-a-distance.net\/wp-content\/uploads\/2023\/10\/commentaires-768x404.png 768w\" sizes=\"auto, (max-width: 976px) 100vw, 976px\" \/><\/figure>\n<\/figure>\n\n\n\n<figure class=\"wp-block-image aligncenter size-large\"><img loading=\"lazy\" decoding=\"async\" width=\"1024\" height=\"129\" src=\"https:\/\/magnetiseur-a-distance.net\/wp-content\/uploads\/2023\/11\/Nora-G2-1024x129.png\" alt=\"\" class=\"wp-image-212\" srcset=\"https:\/\/www.magnetiseur-a-distance.net\/wp-content\/uploads\/2023\/11\/Nora-G2-1024x129.png 1024w, https:\/\/www.magnetiseur-a-distance.net\/wp-content\/uploads\/2023\/11\/Nora-G2-300x38.png 300w, https:\/\/www.magnetiseur-a-distance.net\/wp-content\/uploads\/2023\/11\/Nora-G2-768x97.png 768w, https:\/\/www.magnetiseur-a-distance.net\/wp-content\/uploads\/2023\/11\/Nora-G2.png 1064w\" sizes=\"auto, (max-width: 1024px) 100vw, 1024px\" \/><figcaption class=\"wp-element-caption\"><em>\u00ab\u00a0Aujourd&rsquo;hui 2\u00e8me s\u00e9ance avec Nicolas, franchement je suis assez impressionn\u00e9 du r\u00e9sultat je suis d\u00e9tendue zen tr\u00e8s longtemps oui cette zenitude s&rsquo;\u00e9tait envol\u00e9. Merci sinc\u00e8rement Nicolas vue tous mes soucis de sant\u00e9 depuis plus de 20 ans je commende \u00e0 me sentir tr\u00e8s bien. Vite ma prochaine s\u00e9ance\u00a0\u00bb. Nora G.<\/em><\/figcaption><\/figure>\n\n\n\n<details class=\"wp-block-details is-layout-flow wp-block-details-is-layout-flow\"><summary>Musique<\/summary>\n<figure style=\"margin-top:0;margin-bottom:0;padding-top:0;padding-bottom:0\" class=\"wp-block-audio\"><audio controls src=\"https:\/\/magnetiseur-a-distance.net\/wp-content\/uploads\/2023\/10\/Markvard-Desire.mp3\"><\/audio><\/figure>\n<\/details>\n\n\n\n<p><\/p>\n\n\n\n<p class=\"has-medium-font-size\">Toujours pas convaincu ? Alors regarder par vous m\u00eame \ud83d\udc49\u200b <a href=\"https:\/\/www.facebook.com\/NicolasMagnetiseur34\" target=\"_blank\" rel=\"noopener\" title=\"\">Page FaceBook<\/a><\/p>\n\n\n\n<p><\/p>\n","protected":false},"excerpt":{"rendered":"<p>Voici quelque exemple de commentaire Facebook Toujours pas convaincu ? Alors regarder par vous m\u00eame \ud83d\udc49\u200b Page FaceBook<\/p>\n","protected":false},"author":1,"featured_media":0,"parent":0,"menu_order":0,"comment_status":"closed","ping_status":"closed","template":"","meta":{"_uag_custom_page_level_css":"","site-sidebar-layout":"default","site-content-layout":"","ast-site-content-layout":"","site-content-style":"default","site-sidebar-style":"default","ast-global-header-display":"","ast-banner-title-visibility":"","ast-main-header-display":"","ast-hfb-above-header-display":"","ast-hfb-below-header-display":"","ast-hfb-mobile-header-display":"","site-post-title":"disabled","ast-breadcrumbs-content":"","ast-featured-img":"","footer-sml-layout":"","theme-transparent-header-meta":"","adv-header-id-meta":"","stick-header-meta":"","header-above-stick-meta":"","header-main-stick-meta":"","header-below-stick-meta":"","astra-migrate-meta-layouts":"default","ast-page-background-enabled":"default","ast-page-background-meta":{"desktop":{"background-color":"var(--ast-global-color-5)","background-image":"","background-repeat":"repeat","background-position":"center center","background-size":"auto","background-attachment":"scroll","background-type":"","background-media":"","overlay-type":"","overlay-color":"","overlay-opacity":"","overlay-gradient":""},"tablet":{"background-color":"","background-image":"","background-repeat":"repeat","background-position":"center center","background-size":"auto","background-attachment":"scroll","background-type":"","background-media":"","overlay-type":"","overlay-color":"","overlay-opacity":"","overlay-gradient":""},"mobile":{"background-color":"","background-image":"","background-repeat":"repeat","background-position":"center center","background-size":"auto","background-attachment":"scroll","background-type":"","background-media":"","overlay-type":"","overlay-color":"","overlay-opacity":"","overlay-gradient":""}},"ast-content-background-meta":{"desktop":{"background-color":"var(--ast-global-color-4)","background-image":"","background-repeat":"repeat","background-position":"center center","background-size":"auto","background-attachment":"scroll","background-type":"","background-media":"","overlay-type":"","overlay-color":"","overlay-opacity":"","overlay-gradient":""},"tablet":{"background-color":"var(--ast-global-color-4)","background-image":"","background-repeat":"repeat","background-position":"center center","background-size":"auto","background-attachment":"scroll","background-type":"","background-media":"","overlay-type":"","overlay-color":"","overlay-opacity":"","overlay-gradient":""},"mobile":{"background-color":"var(--ast-global-color-4)","background-image":"","background-repeat":"repeat","background-position":"center center","background-size":"auto","background-attachment":"scroll","background-type":"","background-media":"","overlay-type":"","overlay-color":"","overlay-opacity":"","overlay-gradient":""}},"footnotes":""},"class_list":["post-88","page","type-page","status-publish","hentry"],"aioseo_notices":[],"yoast_head":"<!-- This site is optimized with the Yoast SEO plugin v26.6 - https:\/\/yoast.com\/wordpress\/plugins\/seo\/ -->\n<title>Avis magn\u00e9tiseur \u00e0 distance - Magn\u00e9tiseur \u00e0 Distance<\/title>\n<meta name=\"description\" content=\"Vous avez des doutes sur mes capacit\u00e9s ? Je comprends c&#039;est pourquoi je vous invite \u00e0 v\u00e9rifier par vous m\u00eame les avis laiss\u00e9 par mes clients\" \/>\n<meta name=\"robots\" content=\"index, follow, max-snippet:-1, max-image-preview:large, max-video-preview:-1\" \/>\n<link rel=\"canonical\" href=\"https:\/\/www.magnetiseur-a-distance.net\/index.php\/avis-magnetiseur-a-distance\/\" \/>\n<meta property=\"og:locale\" content=\"fr_FR\" \/>\n<meta property=\"og:type\" content=\"article\" \/>\n<meta property=\"og:title\" content=\"Avis magn\u00e9tiseur \u00e0 distance - Magn\u00e9tiseur \u00e0 Distance\" \/>\n<meta property=\"og:description\" content=\"Vous avez des doutes sur mes capacit\u00e9s ? Je comprends c&#039;est pourquoi je vous invite \u00e0 v\u00e9rifier par vous m\u00eame les avis laiss\u00e9 par mes clients\" \/>\n<meta property=\"og:url\" content=\"https:\/\/www.magnetiseur-a-distance.net\/index.php\/avis-magnetiseur-a-distance\/\" \/>\n<meta property=\"og:site_name\" content=\"Magn\u00e9tiseur \u00e0 Distance\" \/>\n<meta property=\"article:modified_time\" content=\"2026-01-10T16:02:14+00:00\" \/>\n<meta property=\"og:image\" content=\"https:\/\/www.magnetiseur-a-distance.net\/wp-content\/uploads\/2023\/10\/Julie-G.png\" \/>\n\t<meta property=\"og:image:width\" content=\"1358\" \/>\n\t<meta property=\"og:image:height\" content=\"269\" \/>\n\t<meta property=\"og:image:type\" content=\"image\/png\" \/>\n<meta name=\"twitter:card\" content=\"summary_large_image\" \/>\n<meta name=\"twitter:label1\" content=\"Dur\u00e9e de lecture estim\u00e9e\" \/>\n\t<meta name=\"twitter:data1\" content=\"4 minutes\" \/>\n<script type=\"application\/ld+json\" class=\"yoast-schema-graph\">{\"@context\":\"https:\/\/schema.org\",\"@graph\":[{\"@type\":\"WebPage\",\"@id\":\"https:\/\/www.magnetiseur-a-distance.net\/index.php\/avis-magnetiseur-a-distance\/\",\"url\":\"https:\/\/www.magnetiseur-a-distance.net\/index.php\/avis-magnetiseur-a-distance\/\",\"name\":\"Avis magn\u00e9tiseur \u00e0 distance - Magn\u00e9tiseur \u00e0 Distance\",\"isPartOf\":{\"@id\":\"https:\/\/www.magnetiseur-a-distance.net\/#website\"},\"primaryImageOfPage\":{\"@id\":\"https:\/\/www.magnetiseur-a-distance.net\/index.php\/avis-magnetiseur-a-distance\/#primaryimage\"},\"image\":{\"@id\":\"https:\/\/www.magnetiseur-a-distance.net\/index.php\/avis-magnetiseur-a-distance\/#primaryimage\"},\"thumbnailUrl\":\"https:\/\/magnetiseur-a-distance.net\/wp-content\/uploads\/2023\/10\/Julie-G-1024x203.png\",\"datePublished\":\"2023-10-29T14:24:37+00:00\",\"dateModified\":\"2026-01-10T16:02:14+00:00\",\"description\":\"Vous avez des doutes sur mes capacit\u00e9s ? Je comprends c'est pourquoi je vous invite \u00e0 v\u00e9rifier par vous m\u00eame les avis laiss\u00e9 par mes clients\",\"breadcrumb\":{\"@id\":\"https:\/\/www.magnetiseur-a-distance.net\/index.php\/avis-magnetiseur-a-distance\/#breadcrumb\"},\"inLanguage\":\"fr-FR\",\"potentialAction\":[{\"@type\":\"ReadAction\",\"target\":[\"https:\/\/www.magnetiseur-a-distance.net\/index.php\/avis-magnetiseur-a-distance\/\"]}]},{\"@type\":\"ImageObject\",\"inLanguage\":\"fr-FR\",\"@id\":\"https:\/\/www.magnetiseur-a-distance.net\/index.php\/avis-magnetiseur-a-distance\/#primaryimage\",\"url\":\"https:\/\/magnetiseur-a-distance.net\/wp-content\/uploads\/2023\/10\/Julie-G-1024x203.png\",\"contentUrl\":\"https:\/\/magnetiseur-a-distance.net\/wp-content\/uploads\/2023\/10\/Julie-G-1024x203.png\"},{\"@type\":\"BreadcrumbList\",\"@id\":\"https:\/\/www.magnetiseur-a-distance.net\/index.php\/avis-magnetiseur-a-distance\/#breadcrumb\",\"itemListElement\":[{\"@type\":\"ListItem\",\"position\":1,\"name\":\"Accueil\",\"item\":\"https:\/\/www.magnetiseur-a-distance.net\/\"},{\"@type\":\"ListItem\",\"position\":2,\"name\":\"Avis magn\u00e9tiseur \u00e0 distance\"}]},{\"@type\":\"WebSite\",\"@id\":\"https:\/\/www.magnetiseur-a-distance.net\/#website\",\"url\":\"https:\/\/www.magnetiseur-a-distance.net\/\",\"name\":\"Magn\u00e9tiseur \u00e0 Distance\",\"description\":\"Magn\u00e9tiseur \u00e0 distance\",\"publisher\":{\"@id\":\"https:\/\/www.magnetiseur-a-distance.net\/#organization\"},\"potentialAction\":[{\"@type\":\"SearchAction\",\"target\":{\"@type\":\"EntryPoint\",\"urlTemplate\":\"https:\/\/www.magnetiseur-a-distance.net\/?s={search_term_string}\"},\"query-input\":{\"@type\":\"PropertyValueSpecification\",\"valueRequired\":true,\"valueName\":\"search_term_string\"}}],\"inLanguage\":\"fr-FR\"},{\"@type\":\"Organization\",\"@id\":\"https:\/\/www.magnetiseur-a-distance.net\/#organization\",\"name\":\"Magn\u00e9tiseur \u00e0 Distance\",\"url\":\"https:\/\/www.magnetiseur-a-distance.net\/\",\"logo\":{\"@type\":\"ImageObject\",\"inLanguage\":\"fr-FR\",\"@id\":\"https:\/\/www.magnetiseur-a-distance.net\/#\/schema\/logo\/image\/\",\"url\":\"https:\/\/www.magnetiseur-a-distance.net\/wp-content\/uploads\/2023\/10\/cropped-cropped-cropped-Logo.png\",\"contentUrl\":\"https:\/\/www.magnetiseur-a-distance.net\/wp-content\/uploads\/2023\/10\/cropped-cropped-cropped-Logo.png\",\"width\":450,\"height\":483,\"caption\":\"Magn\u00e9tiseur \u00e0 Distance\"},\"image\":{\"@id\":\"https:\/\/www.magnetiseur-a-distance.net\/#\/schema\/logo\/image\/\"}}]}<\/script>\n<!-- \/ Yoast SEO plugin. -->","yoast_head_json":{"title":"Avis magn\u00e9tiseur \u00e0 distance - Magn\u00e9tiseur \u00e0 Distance","description":"Vous avez des doutes sur mes capacit\u00e9s ? Je comprends c'est pourquoi je vous invite \u00e0 v\u00e9rifier par vous m\u00eame les avis laiss\u00e9 par mes clients","robots":{"index":"index","follow":"follow","max-snippet":"max-snippet:-1","max-image-preview":"max-image-preview:large","max-video-preview":"max-video-preview:-1"},"canonical":"https:\/\/www.magnetiseur-a-distance.net\/index.php\/avis-magnetiseur-a-distance\/","og_locale":"fr_FR","og_type":"article","og_title":"Avis magn\u00e9tiseur \u00e0 distance - Magn\u00e9tiseur \u00e0 Distance","og_description":"Vous avez des doutes sur mes capacit\u00e9s ? Je comprends c'est pourquoi je vous invite \u00e0 v\u00e9rifier par vous m\u00eame les avis laiss\u00e9 par mes clients","og_url":"https:\/\/www.magnetiseur-a-distance.net\/index.php\/avis-magnetiseur-a-distance\/","og_site_name":"Magn\u00e9tiseur \u00e0 Distance","article_modified_time":"2026-01-10T16:02:14+00:00","og_image":[{"width":1358,"height":269,"url":"https:\/\/www.magnetiseur-a-distance.net\/wp-content\/uploads\/2023\/10\/Julie-G.png","type":"image\/png"}],"twitter_card":"summary_large_image","twitter_misc":{"Dur\u00e9e de lecture estim\u00e9e":"4 minutes"},"schema":{"@context":"https:\/\/schema.org","@graph":[{"@type":"WebPage","@id":"https:\/\/www.magnetiseur-a-distance.net\/index.php\/avis-magnetiseur-a-distance\/","url":"https:\/\/www.magnetiseur-a-distance.net\/index.php\/avis-magnetiseur-a-distance\/","name":"Avis magn\u00e9tiseur \u00e0 distance - Magn\u00e9tiseur \u00e0 Distance","isPartOf":{"@id":"https:\/\/www.magnetiseur-a-distance.net\/#website"},"primaryImageOfPage":{"@id":"https:\/\/www.magnetiseur-a-distance.net\/index.php\/avis-magnetiseur-a-distance\/#primaryimage"},"image":{"@id":"https:\/\/www.magnetiseur-a-distance.net\/index.php\/avis-magnetiseur-a-distance\/#primaryimage"},"thumbnailUrl":"https:\/\/magnetiseur-a-distance.net\/wp-content\/uploads\/2023\/10\/Julie-G-1024x203.png","datePublished":"2023-10-29T14:24:37+00:00","dateModified":"2026-01-10T16:02:14+00:00","description":"Vous avez des doutes sur mes capacit\u00e9s ? Je comprends c'est pourquoi je vous invite \u00e0 v\u00e9rifier par vous m\u00eame les avis laiss\u00e9 par mes clients","breadcrumb":{"@id":"https:\/\/www.magnetiseur-a-distance.net\/index.php\/avis-magnetiseur-a-distance\/#breadcrumb"},"inLanguage":"fr-FR","potentialAction":[{"@type":"ReadAction","target":["https:\/\/www.magnetiseur-a-distance.net\/index.php\/avis-magnetiseur-a-distance\/"]}]},{"@type":"ImageObject","inLanguage":"fr-FR","@id":"https:\/\/www.magnetiseur-a-distance.net\/index.php\/avis-magnetiseur-a-distance\/#primaryimage","url":"https:\/\/magnetiseur-a-distance.net\/wp-content\/uploads\/2023\/10\/Julie-G-1024x203.png","contentUrl":"https:\/\/magnetiseur-a-distance.net\/wp-content\/uploads\/2023\/10\/Julie-G-1024x203.png"},{"@type":"BreadcrumbList","@id":"https:\/\/www.magnetiseur-a-distance.net\/index.php\/avis-magnetiseur-a-distance\/#breadcrumb","itemListElement":[{"@type":"ListItem","position":1,"name":"Accueil","item":"https:\/\/www.magnetiseur-a-distance.net\/"},{"@type":"ListItem","position":2,"name":"Avis magn\u00e9tiseur \u00e0 distance"}]},{"@type":"WebSite","@id":"https:\/\/www.magnetiseur-a-distance.net\/#website","url":"https:\/\/www.magnetiseur-a-distance.net\/","name":"Magn\u00e9tiseur \u00e0 Distance","description":"Magn\u00e9tiseur \u00e0 distance","publisher":{"@id":"https:\/\/www.magnetiseur-a-distance.net\/#organization"},"potentialAction":[{"@type":"SearchAction","target":{"@type":"EntryPoint","urlTemplate":"https:\/\/www.magnetiseur-a-distance.net\/?s={search_term_string}"},"query-input":{"@type":"PropertyValueSpecification","valueRequired":true,"valueName":"search_term_string"}}],"inLanguage":"fr-FR"},{"@type":"Organization","@id":"https:\/\/www.magnetiseur-a-distance.net\/#organization","name":"Magn\u00e9tiseur \u00e0 Distance","url":"https:\/\/www.magnetiseur-a-distance.net\/","logo":{"@type":"ImageObject","inLanguage":"fr-FR","@id":"https:\/\/www.magnetiseur-a-distance.net\/#\/schema\/logo\/image\/","url":"https:\/\/www.magnetiseur-a-distance.net\/wp-content\/uploads\/2023\/10\/cropped-cropped-cropped-Logo.png","contentUrl":"https:\/\/www.magnetiseur-a-distance.net\/wp-content\/uploads\/2023\/10\/cropped-cropped-cropped-Logo.png","width":450,"height":483,"caption":"Magn\u00e9tiseur \u00e0 Distance"},"image":{"@id":"https:\/\/www.magnetiseur-a-distance.net\/#\/schema\/logo\/image\/"}}]}},"uagb_featured_image_src":{"full":false,"thumbnail":false,"medium":false,"medium_large":false,"large":false,"1536x1536":false,"2048x2048":false},"uagb_author_info":{"display_name":"magnetismeherault","author_link":"https:\/\/www.magnetiseur-a-distance.net\/index.php\/author\/magnetismeherault\/"},"uagb_comment_info":0,"uagb_excerpt":"Voici quelque exemple de commentaire Facebook Toujours pas convaincu ? Alors regarder par vous m\u00eame \ud83d\udc49\u200b Page FaceBook","_links":{"self":[{"href":"https:\/\/www.magnetiseur-a-distance.net\/index.php\/wp-json\/wp\/v2\/pages\/88","targetHints":{"allow":["GET"]}}],"collection":[{"href":"https:\/\/www.magnetiseur-a-distance.net\/index.php\/wp-json\/wp\/v2\/pages"}],"about":[{"href":"https:\/\/www.magnetiseur-a-distance.net\/index.php\/wp-json\/wp\/v2\/types\/page"}],"author":[{"embeddable":true,"href":"https:\/\/www.magnetiseur-a-distance.net\/index.php\/wp-json\/wp\/v2\/users\/1"}],"replies":[{"embeddable":true,"href":"https:\/\/www.magnetiseur-a-distance.net\/index.php\/wp-json\/wp\/v2\/comments?post=88"}],"version-history":[{"count":32,"href":"https:\/\/www.magnetiseur-a-distance.net\/index.php\/wp-json\/wp\/v2\/pages\/88\/revisions"}],"predecessor-version":[{"id":698,"href":"https:\/\/www.magnetiseur-a-distance.net\/index.php\/wp-json\/wp\/v2\/pages\/88\/revisions\/698"}],"wp:attachment":[{"href":"https:\/\/www.magnetiseur-a-distance.net\/index.php\/wp-json\/wp\/v2\/media?parent=88"}],"curies":[{"name":"wp","href":"https:\/\/api.w.org\/{rel}","templated":true}]}}