{"id":661,"date":"2026-01-10T16:09:43","date_gmt":"2026-01-10T15:09:43","guid":{"rendered":"https:\/\/www.magnetiseur-a-distance.net\/?page_id=661"},"modified":"2026-01-11T09:06:48","modified_gmt":"2026-01-11T08:06:48","slug":"organiser-un-seance","status":"publish","type":"page","link":"https:\/\/www.magnetiseur-a-distance.net\/index.php\/organiser-un-seance\/","title":{"rendered":"L&rsquo;organisation d&rsquo;une s\u00e9ance"},"content":{"rendered":"\n<div class=\"wp-block-uagb-container uagb-block-04d509d4 alignfull uagb-is-root-container\"><div class=\"uagb-container-inner-blocks-wrap\">\n<div style=\"height:100px\" aria-hidden=\"true\" class=\"wp-block-spacer\"><\/div>\n\n\n\n<h1 class=\"wp-block-heading has-text-align-center has-ast-global-color-6-color has-text-color has-link-color wp-elements-770c194145359aec85f53b361e68929d\">Comment s&rsquo;organise la s\u00e9ance ?<\/h1>\n\n\n\n<h3 class=\"wp-block-heading has-text-align-center has-ast-global-color-4-color has-text-color has-link-color wp-elements-fb8f5d5bc261177ac888cd25cd2cf011\">I. L&rsquo;organisation de la s\u00e9ance<\/h3>\n\n\n\n<ul class=\"wp-block-list has-ast-global-color-4-color has-text-color has-link-color wp-elements-e7fbaa96079c64de5cee019a154fbd44\">\n<li>Tout d&rsquo;abord, il y a une premi\u00e8re prise de contacte dans laquelle vous me d\u00e9crivez votre probl\u00e9matique;<\/li>\n\n\n\n<li>Ensuite nous fixons un rendez-vous \u00e0 distance;<\/li>\n\n\n\n<li>Puis vous m&rsquo;envoyez une photo de la zone \u00e0 traiter (exemple : pied, main, t\u00eate, photo enti\u00e8re&#8230;) sans personne autour ni plante afin de se concentrer sur vous.<\/li>\n<\/ul>\n\n\n\n<h3 class=\"wp-block-heading has-text-align-center has-ast-global-color-4-color has-text-color has-link-color wp-elements-6b9b8a9ecd6d2683fad690160158336f\">II. D\u00e9roulement de la s\u00e9ance<\/h3>\n\n\n\n<ul class=\"wp-block-list has-ast-global-color-4-color has-text-color has-link-color wp-elements-f66401cf5205e593f9f3c9c319b38582\">\n<li>La s\u00e9ance d\u00e9bute au jour et \u00e0 l&rsquo;heure pr\u00e9vue pour une dur\u00e9e de 20\/30 minutes. Je vous appelle afin de v\u00e9rifier votre disponibilit\u00e9 et votre tranquillit\u00e9. Il ne faut pas la r\u00e9aliser dans la pr\u00e9cipitation;<\/li>\n\n\n\n<li>Je vous en informe par message une fois la s\u00e9ance termin\u00e9e. Il faut pr\u00e9voir un temps suppl\u00e9mentaire de 30 minutes car vous pouvez \u00eatre amen\u00e9 \u00e0 vous endormir. Il ne faut pas avoir de contrainte apr\u00e8s et \u00eatre dans un temps de d\u00e9tente pour permettre aux \u00e9nergies de faire leurs actions.<\/li>\n<\/ul>\n\n\n\n<h3 class=\"wp-block-heading has-text-align-center has-ast-global-color-4-color has-text-color has-link-color wp-elements-8375b4fbc6f6d4014865c473e24e8dee\">III. Apr\u00e8s ?<\/h3>\n\n\n\n<ul class=\"wp-block-list has-ast-global-color-4-color has-text-color has-link-color wp-elements-1fcbb37c7f758183f018f944d587c8ac\">\n<li>En fonction de la formule choisit, nous reprenons contact afin de pouvoir \u00e9changer sur les sensations et la planification d&rsquo;une autre au besoin.<\/li>\n\n\n\n<li><a href=\"https:\/\/www.magnetiseur-a-distance.net\/index.php\/2026\/01\/10\/le-prix-moyen-dune-seance\/\">Le Paiement<\/a> se r\u00e9alise \u00e0 apr\u00e8s le suivie des s\u00e9ances.<\/li>\n<\/ul>\n<\/div><\/div>\n\n\n\n<div style=\"height:52px\" aria-hidden=\"true\" class=\"wp-block-spacer\"><\/div>\n\n\n\n<div class=\"wp-block-uagb-container uagb-block-c0c34d56 alignfull uagb-is-root-container\"><div class=\"uagb-container-inner-blocks-wrap\">\n<div class=\"wp-block-uagb-container uagb-block-054b361c\">\n<div class=\"wp-block-uagb-image alignleft uagb-block-a9dd99bf wp-block-uagb-image--layout-default wp-block-uagb-image--effect-static wp-block-uagb-image--align-left\"><figure class=\"wp-block-uagb-image__figure\"><img decoding=\"async\" srcset=\"https:\/\/www.magnetiseur-a-distance.net\/wp-content\/uploads\/2025\/10\/triangle-removebg-preview.png ,https:\/\/www.magnetiseur-a-distance.net\/wp-content\/uploads\/2025\/10\/triangle-removebg-preview.png 780w, https:\/\/www.magnetiseur-a-distance.net\/wp-content\/uploads\/2025\/10\/triangle-removebg-preview.png 360w\" sizes=\"auto, (max-width: 480px) 150px\" src=\"https:\/\/www.magnetiseur-a-distance.net\/wp-content\/uploads\/2025\/10\/triangle-removebg-preview.png\" alt=\"\" class=\"uag-image-526\" width=\"172\" height=\"172\" title=\"triangle-removebg-preview\" loading=\"lazy\" role=\"img\"\/><\/figure><\/div>\n<\/div>\n\n\n\n<div class=\"wp-block-uagb-container uagb-block-0fbc57d3\">\n<p class=\"has-vivid-red-color has-text-color has-link-color has-medium-font-size wp-elements-2e5ae83453c4dc83ac3be00f7c901092\"><strong>En fonction de la formule choisit, nous reprenons contact afin de pouvoir \u00e9changer sur les sensations et la planification d&rsquo;une autre s\u00e9ance au besoin.<\/strong><\/p>\n<\/div>\n<\/div><\/div>\n\n\n\n<div style=\"height:26px\" aria-hidden=\"true\" class=\"wp-block-spacer\"><\/div>\n\n\n\n<h2 class=\"wp-block-heading has-text-align-center has-ast-global-color-6-color has-text-color has-link-color wp-elements-a37c391e0d8764a8cc7189a1c7644efe\">Comment prendre rendez-vous ?<\/h2>\n\n\n\n<p class=\"has-text-align-center has-ast-global-color-6-color has-text-color has-link-color has-medium-font-size wp-elements-88aa597378be5029ad737e918a355c3b\"><strong>2 Solutions pour me contacter<\/strong><\/p>\n\n\n\n<div class=\"wp-block-uagb-container uagb-block-86372e65 alignfull uagb-is-root-container\"><div class=\"uagb-container-inner-blocks-wrap\">\n<div class=\"wp-block-uagb-container uagb-block-79f747a5\">\n<p class=\"has-ast-global-color-6-color has-text-color has-link-color has-medium-font-size wp-elements-4649db45223a5537fd3d994371792ab7\">Vous pouvez m&rsquo;appeler au : <strong><em>06 36 22 74 31<\/em><\/strong><\/p>\n\n\n\n<div class=\"wp-block-uagb-container uagb-block-48809b70\">\n<div class=\"wp-block-uagb-image aligncenter uagb-block-3ad191a3 wp-block-uagb-image--layout-default wp-block-uagb-image--effect-static wp-block-uagb-image--align-center\"><figure class=\"wp-block-uagb-image__figure\"><img decoding=\"async\"  sizes=\"auto, (max-width: 480px) 150px\" src=\"https:\/\/cdn.pixabay.com\/photo\/2013\/07\/12\/18\/39\/smartphone-153650_1280.png\" alt=\"T\u00e9l\u00e9phone\" width=\"78\" height=\"80\" title=\"T\u00e9l\u00e9phone\" loading=\"lazy\" role=\"img\"\/><\/figure><\/div>\n<\/div>\n<\/div>\n\n\n\n<div class=\"wp-block-uagb-container uagb-block-6c5ac613\">\n<p class=\"has-text-align-right has-ast-global-color-6-color has-text-color has-link-color has-medium-font-size wp-elements-65fe3d5bf976bb641174252eda500036\">Vous remplissez le formulaire \u00e0 la disponible sur la page d&rsquo;accueil<\/p>\n\n\n\n<div class=\"wp-block-uagb-image aligncenter uagb-block-a7cf3790 wp-block-uagb-image--layout-default wp-block-uagb-image--effect-static wp-block-uagb-image--align-center\"><figure class=\"wp-block-uagb-image__figure\"><img decoding=\"async\"  sizes=\"auto, (max-width: 480px) 150px\" src=\"https:\/\/support.yapla.com\/hc\/article_attachments\/360054778294\/mceclip3.png\" alt=\"Formulaire de contact\" width=\"176\" height=\"152\" title=\"Formulaire de contact\" loading=\"lazy\" role=\"img\"\/><\/figure><\/div>\n<\/div>\n<\/div><\/div>\n\n\n\n<div style=\"height:25px\" aria-hidden=\"true\" class=\"wp-block-spacer\"><\/div>\n\n\n\n<div class=\"wp-block-uagb-container uagb-block-56254a83 alignfull uagb-is-root-container\"><div class=\"uagb-container-inner-blocks-wrap\">\n<h3 class=\"wp-block-heading has-text-align-center\"><strong><a title=\"\" href=\"https:\/\/www.camsyoga.fr\/chakras\/\" target=\"_blank\" rel=\"noopener\">Les points \u00e9nerg\u00e9tiques principaux<\/a><\/strong><\/h3>\n\n\n\n<div class=\"wp-block-uagb-image uagb-block-6c157af1 wp-block-uagb-image--layout-default wp-block-uagb-image--effect-static wp-block-uagb-image--align-none\"><figure class=\"wp-block-uagb-image__figure\"><img decoding=\"async\" srcset=\"https:\/\/www.magnetiseur-a-distance.net\/wp-content\/uploads\/2023\/11\/CHAKRAS-1024x790.jpg ,https:\/\/www.magnetiseur-a-distance.net\/wp-content\/uploads\/2023\/11\/CHAKRAS.jpg 780w, https:\/\/www.magnetiseur-a-distance.net\/wp-content\/uploads\/2023\/11\/CHAKRAS.jpg 360w\" sizes=\"auto, (max-width: 480px) 150px\" src=\"https:\/\/www.magnetiseur-a-distance.net\/wp-content\/uploads\/2023\/11\/CHAKRAS-1024x790.jpg\" alt=\"Sch\u00e9ma points \u00e9nerg\u00e9tiques principaux\" class=\"uag-image-142\" width=\"1024\" height=\"790\" title=\"CHAKRAS\" loading=\"lazy\" role=\"img\"\/><\/figure><\/div>\n\n\n\n<details class=\"wp-block-details has-ast-global-color-6-color has-text-color has-link-color wp-elements-edab317cae0b9a9e9fb47b1112e5f1ac is-layout-flow wp-block-details-is-layout-flow\"><summary>Musique.mp3<\/summary>\n<figure class=\"wp-block-audio alignleft\"><audio controls src=\"https:\/\/www.magnetiseur-a-distance.net\/wp-content\/uploads\/2023\/11\/jazz-guitar-short-ver3-169533-mp3cut.net_.mp3\" autoplay><\/audio><\/figure>\n<\/details>\n<\/div><\/div>\n\n\n\n<p><\/p>\n","protected":false},"excerpt":{"rendered":"<p>Comment s&rsquo;organise la s\u00e9ance ? I. L&rsquo;organisation de la s\u00e9ance II. D\u00e9roulement de la s\u00e9ance III. Apr\u00e8s ? En fonction de la formule choisit, nous reprenons contact afin de pouvoir \u00e9changer sur les sensations et la planification d&rsquo;une autre s\u00e9ance au besoin. Comment prendre rendez-vous ? 2 Solutions pour me contacter Vous pouvez m&rsquo;appeler au [&hellip;]<\/p>\n","protected":false},"author":2,"featured_media":0,"parent":0,"menu_order":0,"comment_status":"closed","ping_status":"closed","template":"","meta":{"_uag_custom_page_level_css":"","site-sidebar-layout":"default","site-content-layout":"","ast-site-content-layout":"","site-content-style":"default","site-sidebar-style":"default","ast-global-header-display":"","ast-banner-title-visibility":"","ast-main-header-display":"","ast-hfb-above-header-display":"","ast-hfb-below-header-display":"","ast-hfb-mobile-header-display":"","site-post-title":"disabled","ast-breadcrumbs-content":"","ast-featured-img":"","footer-sml-layout":"","theme-transparent-header-meta":"","adv-header-id-meta":"","stick-header-meta":"","header-above-stick-meta":"","header-main-stick-meta":"","header-below-stick-meta":"","astra-migrate-meta-layouts":"default","ast-page-background-enabled":"default","ast-page-background-meta":{"desktop":{"background-color":"var(--ast-global-color-5)","background-image":"","background-repeat":"repeat","background-position":"center center","background-size":"auto","background-attachment":"scroll","background-type":"","background-media":"","overlay-type":"","overlay-color":"","overlay-opacity":"","overlay-gradient":""},"tablet":{"background-color":"","background-image":"","background-repeat":"repeat","background-position":"center center","background-size":"auto","background-attachment":"scroll","background-type":"","background-media":"","overlay-type":"","overlay-color":"","overlay-opacity":"","overlay-gradient":""},"mobile":{"background-color":"","background-image":"","background-repeat":"repeat","background-position":"center center","background-size":"auto","background-attachment":"scroll","background-type":"","background-media":"","overlay-type":"","overlay-color":"","overlay-opacity":"","overlay-gradient":""}},"ast-content-background-meta":{"desktop":{"background-color":"var(--ast-global-color-4)","background-image":"","background-repeat":"repeat","background-position":"center center","background-size":"auto","background-attachment":"scroll","background-type":"","background-media":"","overlay-type":"","overlay-color":"","overlay-opacity":"","overlay-gradient":""},"tablet":{"background-color":"var(--ast-global-color-4)","background-image":"","background-repeat":"repeat","background-position":"center center","background-size":"auto","background-attachment":"scroll","background-type":"","background-media":"","overlay-type":"","overlay-color":"","overlay-opacity":"","overlay-gradient":""},"mobile":{"background-color":"var(--ast-global-color-4)","background-image":"","background-repeat":"repeat","background-position":"center center","background-size":"auto","background-attachment":"scroll","background-type":"","background-media":"","overlay-type":"","overlay-color":"","overlay-opacity":"","overlay-gradient":""}},"footnotes":""},"class_list":["post-661","page","type-page","status-publish","hentry"],"aioseo_notices":[],"yoast_head":"<!-- This site is optimized with the Yoast SEO plugin v26.6 - https:\/\/yoast.com\/wordpress\/plugins\/seo\/ -->\n<title>L&#039;organisation d&#039;une s\u00e9ance - Magn\u00e9tiseur \u00e0 Distance<\/title>\n<meta name=\"description\" content=\"Vous souhaitez r\u00e9soudre vos douleurs physique et mental ? Voici une explication de l&#039;organisation d&#039;une s\u00e9ance de Magn\u00e9tisme \u00e0 Distance.\" \/>\n<meta name=\"robots\" content=\"index, follow, max-snippet:-1, max-image-preview:large, max-video-preview:-1\" \/>\n<link rel=\"canonical\" href=\"https:\/\/www.magnetiseur-a-distance.net\/index.php\/organiser-un-seance\/\" \/>\n<meta property=\"og:locale\" content=\"fr_FR\" \/>\n<meta property=\"og:type\" content=\"article\" \/>\n<meta property=\"og:title\" content=\"L&#039;organisation d&#039;une s\u00e9ance - Magn\u00e9tiseur \u00e0 Distance\" \/>\n<meta property=\"og:description\" content=\"Vous souhaitez r\u00e9soudre vos douleurs physique et mental ? Voici une explication de l&#039;organisation d&#039;une s\u00e9ance de Magn\u00e9tisme \u00e0 Distance.\" \/>\n<meta property=\"og:url\" content=\"https:\/\/www.magnetiseur-a-distance.net\/index.php\/organiser-un-seance\/\" \/>\n<meta property=\"og:site_name\" content=\"Magn\u00e9tiseur \u00e0 Distance\" \/>\n<meta property=\"article:modified_time\" content=\"2026-01-11T08:06:48+00:00\" \/>\n<meta property=\"og:image\" content=\"https:\/\/www.magnetiseur-a-distance.net\/wp-content\/uploads\/2025\/10\/triangle-removebg-preview.png\" \/>\n<meta name=\"twitter:card\" content=\"summary_large_image\" \/>\n<meta name=\"twitter:label1\" content=\"Dur\u00e9e de lecture estim\u00e9e\" \/>\n\t<meta name=\"twitter:data1\" content=\"3 minutes\" \/>\n<script type=\"application\/ld+json\" class=\"yoast-schema-graph\">{\"@context\":\"https:\/\/schema.org\",\"@graph\":[{\"@type\":\"WebPage\",\"@id\":\"https:\/\/www.magnetiseur-a-distance.net\/index.php\/organiser-un-seance\/\",\"url\":\"https:\/\/www.magnetiseur-a-distance.net\/index.php\/organiser-un-seance\/\",\"name\":\"L'organisation d'une s\u00e9ance - Magn\u00e9tiseur \u00e0 Distance\",\"isPartOf\":{\"@id\":\"https:\/\/www.magnetiseur-a-distance.net\/#website\"},\"primaryImageOfPage\":{\"@id\":\"https:\/\/www.magnetiseur-a-distance.net\/index.php\/organiser-un-seance\/#primaryimage\"},\"image\":{\"@id\":\"https:\/\/www.magnetiseur-a-distance.net\/index.php\/organiser-un-seance\/#primaryimage\"},\"thumbnailUrl\":\"https:\/\/www.magnetiseur-a-distance.net\/wp-content\/uploads\/2025\/10\/triangle-removebg-preview.png\",\"datePublished\":\"2026-01-10T15:09:43+00:00\",\"dateModified\":\"2026-01-11T08:06:48+00:00\",\"description\":\"Vous souhaitez r\u00e9soudre vos douleurs physique et mental ? Voici une explication de l'organisation d'une s\u00e9ance de Magn\u00e9tisme \u00e0 Distance.\",\"breadcrumb\":{\"@id\":\"https:\/\/www.magnetiseur-a-distance.net\/index.php\/organiser-un-seance\/#breadcrumb\"},\"inLanguage\":\"fr-FR\",\"potentialAction\":[{\"@type\":\"ReadAction\",\"target\":[\"https:\/\/www.magnetiseur-a-distance.net\/index.php\/organiser-un-seance\/\"]}]},{\"@type\":\"ImageObject\",\"inLanguage\":\"fr-FR\",\"@id\":\"https:\/\/www.magnetiseur-a-distance.net\/index.php\/organiser-un-seance\/#primaryimage\",\"url\":\"https:\/\/www.magnetiseur-a-distance.net\/wp-content\/uploads\/2025\/10\/triangle-removebg-preview.png\",\"contentUrl\":\"https:\/\/www.magnetiseur-a-distance.net\/wp-content\/uploads\/2025\/10\/triangle-removebg-preview.png\",\"width\":360,\"height\":360},{\"@type\":\"BreadcrumbList\",\"@id\":\"https:\/\/www.magnetiseur-a-distance.net\/index.php\/organiser-un-seance\/#breadcrumb\",\"itemListElement\":[{\"@type\":\"ListItem\",\"position\":1,\"name\":\"Accueil\",\"item\":\"https:\/\/www.magnetiseur-a-distance.net\/\"},{\"@type\":\"ListItem\",\"position\":2,\"name\":\"L&rsquo;organisation d&rsquo;une s\u00e9ance\"}]},{\"@type\":\"WebSite\",\"@id\":\"https:\/\/www.magnetiseur-a-distance.net\/#website\",\"url\":\"https:\/\/www.magnetiseur-a-distance.net\/\",\"name\":\"Magn\u00e9tiseur \u00e0 Distance\",\"description\":\"Magn\u00e9tiseur \u00e0 distance\",\"publisher\":{\"@id\":\"https:\/\/www.magnetiseur-a-distance.net\/#organization\"},\"potentialAction\":[{\"@type\":\"SearchAction\",\"target\":{\"@type\":\"EntryPoint\",\"urlTemplate\":\"https:\/\/www.magnetiseur-a-distance.net\/?s={search_term_string}\"},\"query-input\":{\"@type\":\"PropertyValueSpecification\",\"valueRequired\":true,\"valueName\":\"search_term_string\"}}],\"inLanguage\":\"fr-FR\"},{\"@type\":\"Organization\",\"@id\":\"https:\/\/www.magnetiseur-a-distance.net\/#organization\",\"name\":\"Magn\u00e9tiseur \u00e0 Distance\",\"url\":\"https:\/\/www.magnetiseur-a-distance.net\/\",\"logo\":{\"@type\":\"ImageObject\",\"inLanguage\":\"fr-FR\",\"@id\":\"https:\/\/www.magnetiseur-a-distance.net\/#\/schema\/logo\/image\/\",\"url\":\"https:\/\/www.magnetiseur-a-distance.net\/wp-content\/uploads\/2023\/10\/cropped-cropped-cropped-Logo.png\",\"contentUrl\":\"https:\/\/www.magnetiseur-a-distance.net\/wp-content\/uploads\/2023\/10\/cropped-cropped-cropped-Logo.png\",\"width\":450,\"height\":483,\"caption\":\"Magn\u00e9tiseur \u00e0 Distance\"},\"image\":{\"@id\":\"https:\/\/www.magnetiseur-a-distance.net\/#\/schema\/logo\/image\/\"}}]}<\/script>\n<!-- \/ Yoast SEO plugin. -->","yoast_head_json":{"title":"L'organisation d'une s\u00e9ance - Magn\u00e9tiseur \u00e0 Distance","description":"Vous souhaitez r\u00e9soudre vos douleurs physique et mental ? Voici une explication de l'organisation d'une s\u00e9ance de Magn\u00e9tisme \u00e0 Distance.","robots":{"index":"index","follow":"follow","max-snippet":"max-snippet:-1","max-image-preview":"max-image-preview:large","max-video-preview":"max-video-preview:-1"},"canonical":"https:\/\/www.magnetiseur-a-distance.net\/index.php\/organiser-un-seance\/","og_locale":"fr_FR","og_type":"article","og_title":"L'organisation d'une s\u00e9ance - Magn\u00e9tiseur \u00e0 Distance","og_description":"Vous souhaitez r\u00e9soudre vos douleurs physique et mental ? Voici une explication de l'organisation d'une s\u00e9ance de Magn\u00e9tisme \u00e0 Distance.","og_url":"https:\/\/www.magnetiseur-a-distance.net\/index.php\/organiser-un-seance\/","og_site_name":"Magn\u00e9tiseur \u00e0 Distance","article_modified_time":"2026-01-11T08:06:48+00:00","og_image":[{"url":"https:\/\/www.magnetiseur-a-distance.net\/wp-content\/uploads\/2025\/10\/triangle-removebg-preview.png","type":"","width":"","height":""}],"twitter_card":"summary_large_image","twitter_misc":{"Dur\u00e9e de lecture estim\u00e9e":"3 minutes"},"schema":{"@context":"https:\/\/schema.org","@graph":[{"@type":"WebPage","@id":"https:\/\/www.magnetiseur-a-distance.net\/index.php\/organiser-un-seance\/","url":"https:\/\/www.magnetiseur-a-distance.net\/index.php\/organiser-un-seance\/","name":"L'organisation d'une s\u00e9ance - Magn\u00e9tiseur \u00e0 Distance","isPartOf":{"@id":"https:\/\/www.magnetiseur-a-distance.net\/#website"},"primaryImageOfPage":{"@id":"https:\/\/www.magnetiseur-a-distance.net\/index.php\/organiser-un-seance\/#primaryimage"},"image":{"@id":"https:\/\/www.magnetiseur-a-distance.net\/index.php\/organiser-un-seance\/#primaryimage"},"thumbnailUrl":"https:\/\/www.magnetiseur-a-distance.net\/wp-content\/uploads\/2025\/10\/triangle-removebg-preview.png","datePublished":"2026-01-10T15:09:43+00:00","dateModified":"2026-01-11T08:06:48+00:00","description":"Vous souhaitez r\u00e9soudre vos douleurs physique et mental ? Voici une explication de l'organisation d'une s\u00e9ance de Magn\u00e9tisme \u00e0 Distance.","breadcrumb":{"@id":"https:\/\/www.magnetiseur-a-distance.net\/index.php\/organiser-un-seance\/#breadcrumb"},"inLanguage":"fr-FR","potentialAction":[{"@type":"ReadAction","target":["https:\/\/www.magnetiseur-a-distance.net\/index.php\/organiser-un-seance\/"]}]},{"@type":"ImageObject","inLanguage":"fr-FR","@id":"https:\/\/www.magnetiseur-a-distance.net\/index.php\/organiser-un-seance\/#primaryimage","url":"https:\/\/www.magnetiseur-a-distance.net\/wp-content\/uploads\/2025\/10\/triangle-removebg-preview.png","contentUrl":"https:\/\/www.magnetiseur-a-distance.net\/wp-content\/uploads\/2025\/10\/triangle-removebg-preview.png","width":360,"height":360},{"@type":"BreadcrumbList","@id":"https:\/\/www.magnetiseur-a-distance.net\/index.php\/organiser-un-seance\/#breadcrumb","itemListElement":[{"@type":"ListItem","position":1,"name":"Accueil","item":"https:\/\/www.magnetiseur-a-distance.net\/"},{"@type":"ListItem","position":2,"name":"L&rsquo;organisation d&rsquo;une s\u00e9ance"}]},{"@type":"WebSite","@id":"https:\/\/www.magnetiseur-a-distance.net\/#website","url":"https:\/\/www.magnetiseur-a-distance.net\/","name":"Magn\u00e9tiseur \u00e0 Distance","description":"Magn\u00e9tiseur \u00e0 distance","publisher":{"@id":"https:\/\/www.magnetiseur-a-distance.net\/#organization"},"potentialAction":[{"@type":"SearchAction","target":{"@type":"EntryPoint","urlTemplate":"https:\/\/www.magnetiseur-a-distance.net\/?s={search_term_string}"},"query-input":{"@type":"PropertyValueSpecification","valueRequired":true,"valueName":"search_term_string"}}],"inLanguage":"fr-FR"},{"@type":"Organization","@id":"https:\/\/www.magnetiseur-a-distance.net\/#organization","name":"Magn\u00e9tiseur \u00e0 Distance","url":"https:\/\/www.magnetiseur-a-distance.net\/","logo":{"@type":"ImageObject","inLanguage":"fr-FR","@id":"https:\/\/www.magnetiseur-a-distance.net\/#\/schema\/logo\/image\/","url":"https:\/\/www.magnetiseur-a-distance.net\/wp-content\/uploads\/2023\/10\/cropped-cropped-cropped-Logo.png","contentUrl":"https:\/\/www.magnetiseur-a-distance.net\/wp-content\/uploads\/2023\/10\/cropped-cropped-cropped-Logo.png","width":450,"height":483,"caption":"Magn\u00e9tiseur \u00e0 Distance"},"image":{"@id":"https:\/\/www.magnetiseur-a-distance.net\/#\/schema\/logo\/image\/"}}]}},"uagb_featured_image_src":{"full":false,"thumbnail":false,"medium":false,"medium_large":false,"large":false,"1536x1536":false,"2048x2048":false},"uagb_author_info":{"display_name":"Max","author_link":"https:\/\/www.magnetiseur-a-distance.net\/index.php\/author\/max\/"},"uagb_comment_info":0,"uagb_excerpt":"Comment s&rsquo;organise la s\u00e9ance ? I. L&rsquo;organisation de la s\u00e9ance II. D\u00e9roulement de la s\u00e9ance III. Apr\u00e8s ? En fonction de la formule choisit, nous reprenons contact afin de pouvoir \u00e9changer sur les sensations et la planification d&rsquo;une autre s\u00e9ance au besoin. Comment prendre rendez-vous ? 2 Solutions pour me contacter Vous pouvez m&rsquo;appeler au\u2026","_links":{"self":[{"href":"https:\/\/www.magnetiseur-a-distance.net\/index.php\/wp-json\/wp\/v2\/pages\/661","targetHints":{"allow":["GET"]}}],"collection":[{"href":"https:\/\/www.magnetiseur-a-distance.net\/index.php\/wp-json\/wp\/v2\/pages"}],"about":[{"href":"https:\/\/www.magnetiseur-a-distance.net\/index.php\/wp-json\/wp\/v2\/types\/page"}],"author":[{"embeddable":true,"href":"https:\/\/www.magnetiseur-a-distance.net\/index.php\/wp-json\/wp\/v2\/users\/2"}],"replies":[{"embeddable":true,"href":"https:\/\/www.magnetiseur-a-distance.net\/index.php\/wp-json\/wp\/v2\/comments?post=661"}],"version-history":[{"count":18,"href":"https:\/\/www.magnetiseur-a-distance.net\/index.php\/wp-json\/wp\/v2\/pages\/661\/revisions"}],"predecessor-version":[{"id":719,"href":"https:\/\/www.magnetiseur-a-distance.net\/index.php\/wp-json\/wp\/v2\/pages\/661\/revisions\/719"}],"wp:attachment":[{"href":"https:\/\/www.magnetiseur-a-distance.net\/index.php\/wp-json\/wp\/v2\/media?parent=661"}],"curies":[{"name":"wp","href":"https:\/\/api.w.org\/{rel}","templated":true}]}}