{"id":117,"date":"2023-10-30T16:40:18","date_gmt":"2023-10-30T15:40:18","guid":{"rendered":"https:\/\/magnetiseur-a-distance.net\/?page_id=117"},"modified":"2026-01-10T15:39:04","modified_gmt":"2026-01-10T14:39:04","slug":"radiesthesie","status":"publish","type":"page","link":"https:\/\/www.magnetiseur-a-distance.net\/index.php\/radiesthesie\/","title":{"rendered":"Utilisation de la radiesth\u00e9sie"},"content":{"rendered":"\n<div class=\"wp-block-cover is-light\"><img loading=\"lazy\" decoding=\"async\" width=\"480\" height=\"640\" class=\"wp-block-cover__image-background wp-image-120\" alt=\"\" src=\"https:\/\/magnetiseur-a-distance.net\/wp-content\/uploads\/2023\/10\/IMG_1857-1-rotated.jpg\" data-object-fit=\"cover\" srcset=\"https:\/\/www.magnetiseur-a-distance.net\/wp-content\/uploads\/2023\/10\/IMG_1857-1-rotated.jpg 480w, https:\/\/www.magnetiseur-a-distance.net\/wp-content\/uploads\/2023\/10\/IMG_1857-1-225x300.jpg 225w\" sizes=\"auto, (max-width: 480px) 100vw, 480px\" \/><span aria-hidden=\"true\" class=\"wp-block-cover__background has-background-dim\"><\/span><div class=\"wp-block-cover__inner-container is-layout-flow wp-block-cover-is-layout-flow\">\n<div style=\"height:100px\" aria-hidden=\"true\" class=\"wp-block-spacer\"><\/div>\n\n\n\n<h1 class=\"wp-block-heading has-text-align-center has-ast-global-color-0-color has-text-color has-link-color wp-elements-44272c5fe0e0586b6abfc6aee10a1867\">Comment la radiesth\u00e9sie fonctionne ?<\/h1>\n\n\n\n<p class=\"has-medium-font-size\"><mark style=\"background-color:rgba(0, 0, 0, 0);color:#ffffff\" class=\"has-inline-color\">La radiesth\u00e9sie m\u00e9dicale&nbsp;vise \u00e0 percevoir des vibrations du corps humain gr\u00e2ce \u00e0 un pendule. <\/mark><\/p>\n\n\n\n<p class=\"has-medium-font-size\"><mark style=\"background-color:rgba(0, 0, 0, 0);color:#ffffff\" class=\"has-inline-color\">J&rsquo;utilise plusieurs pendules en fonction des actions \u00e0 mener.<\/mark><\/p>\n\n\n\n<p class=\"has-medium-font-size\"><mark style=\"background-color:rgba(0, 0, 0, 0);color:#ffffff\" class=\"has-inline-color\">Cette technique me permet d&rsquo;\u00e9tablir un diagnostic ou d&rsquo;\u00e9valuer l&rsquo;impact des zones \u00e0 travailler.<\/mark><\/p>\n\n\n\n<figure class=\"wp-block-image aligncenter size-full is-resized\"><img loading=\"lazy\" decoding=\"async\" width=\"535\" height=\"300\" src=\"https:\/\/magnetiseur-a-distance.net\/wp-content\/uploads\/2023\/11\/Pendules.jpg\" alt=\"\" class=\"wp-image-178\" style=\"aspect-ratio:1.7833333333333334;width:278px;height:auto\" srcset=\"https:\/\/www.magnetiseur-a-distance.net\/wp-content\/uploads\/2023\/11\/Pendules.jpg 535w, https:\/\/www.magnetiseur-a-distance.net\/wp-content\/uploads\/2023\/11\/Pendules-300x168.jpg 300w\" sizes=\"auto, (max-width: 535px) 100vw, 535px\" \/><\/figure>\n\n\n\n<details class=\"wp-block-details is-layout-flow wp-block-details-is-layout-flow\"><summary><\/summary>\n<figure class=\"wp-block-audio alignleft\"><audio controls src=\"https:\/\/magnetiseur-a-distance.net\/wp-content\/uploads\/2023\/10\/birds-in-the-forest-wind-noise-of-leaves-10088.mp3\" autoplay><\/audio><\/figure>\n<\/details>\n<\/div><\/div>\n\n\n\n<p class=\"has-ast-global-color-8-color has-text-color has-link-color has-medium-font-size wp-elements-6790fc4220ef3469f6e422485c3280d3\">Article sur la radiesth\u00e9sie publi\u00e9 par femme actuelle le 26 Mars 2021 <a href=\"https:\/\/www.femmeactuelle.fr\/horoscope2\/astrolove\/radiesthesie-tout-savoir-sur-cette-pratique-ancestrale-2110606\" target=\"_blank\" rel=\"noopener nofollow\" title=\"\">ici<\/a><\/p>\n\n\n\n<p><\/p>\n","protected":false},"excerpt":{"rendered":"<p>Article sur la radiesth\u00e9sie publi\u00e9 par femme actuelle le 26 Mars 2021 ici<\/p>\n","protected":false},"author":1,"featured_media":0,"parent":0,"menu_order":0,"comment_status":"closed","ping_status":"closed","template":"","meta":{"_uag_custom_page_level_css":"","site-sidebar-layout":"default","site-content-layout":"","ast-site-content-layout":"","site-content-style":"default","site-sidebar-style":"default","ast-global-header-display":"","ast-banner-title-visibility":"","ast-main-header-display":"","ast-hfb-above-header-display":"","ast-hfb-below-header-display":"","ast-hfb-mobile-header-display":"","site-post-title":"disabled","ast-breadcrumbs-content":"","ast-featured-img":"","footer-sml-layout":"","theme-transparent-header-meta":"","adv-header-id-meta":"","stick-header-meta":"","header-above-stick-meta":"","header-main-stick-meta":"","header-below-stick-meta":"","astra-migrate-meta-layouts":"default","ast-page-background-enabled":"default","ast-page-background-meta":{"desktop":{"background-color":"var(--ast-global-color-5)","background-image":"","background-repeat":"repeat","background-position":"center center","background-size":"auto","background-attachment":"scroll","background-type":"","background-media":"","overlay-type":"","overlay-color":"","overlay-opacity":"","overlay-gradient":""},"tablet":{"background-color":"","background-image":"","background-repeat":"repeat","background-position":"center center","background-size":"auto","background-attachment":"scroll","background-type":"","background-media":"","overlay-type":"","overlay-color":"","overlay-opacity":"","overlay-gradient":""},"mobile":{"background-color":"","background-image":"","background-repeat":"repeat","background-position":"center center","background-size":"auto","background-attachment":"scroll","background-type":"","background-media":"","overlay-type":"","overlay-color":"","overlay-opacity":"","overlay-gradient":""}},"ast-content-background-meta":{"desktop":{"background-color":"var(--ast-global-color-4)","background-image":"","background-repeat":"repeat","background-position":"center center","background-size":"auto","background-attachment":"scroll","background-type":"","background-media":"","overlay-type":"","overlay-color":"","overlay-opacity":"","overlay-gradient":""},"tablet":{"background-color":"var(--ast-global-color-4)","background-image":"","background-repeat":"repeat","background-position":"center center","background-size":"auto","background-attachment":"scroll","background-type":"","background-media":"","overlay-type":"","overlay-color":"","overlay-opacity":"","overlay-gradient":""},"mobile":{"background-color":"var(--ast-global-color-4)","background-image":"","background-repeat":"repeat","background-position":"center center","background-size":"auto","background-attachment":"scroll","background-type":"","background-media":"","overlay-type":"","overlay-color":"","overlay-opacity":"","overlay-gradient":""}},"footnotes":""},"class_list":["post-117","page","type-page","status-publish","hentry"],"aioseo_notices":[],"yoast_head":"<!-- This site is optimized with the Yoast SEO plugin v26.6 - https:\/\/yoast.com\/wordpress\/plugins\/seo\/ -->\n<title>Utilisation de la radiesth\u00e9sie - Magn\u00e9tiseur \u00e0 Distance<\/title>\n<meta name=\"robots\" content=\"index, follow, max-snippet:-1, max-image-preview:large, max-video-preview:-1\" \/>\n<link rel=\"canonical\" href=\"https:\/\/www.magnetiseur-a-distance.net\/index.php\/radiesthesie\/\" \/>\n<meta property=\"og:locale\" content=\"fr_FR\" \/>\n<meta property=\"og:type\" content=\"article\" \/>\n<meta property=\"og:title\" content=\"Utilisation de la radiesth\u00e9sie - Magn\u00e9tiseur \u00e0 Distance\" \/>\n<meta property=\"og:description\" content=\"Article sur la radiesth\u00e9sie publi\u00e9 par femme actuelle le 26 Mars 2021 ici\" \/>\n<meta property=\"og:url\" content=\"https:\/\/www.magnetiseur-a-distance.net\/index.php\/radiesthesie\/\" \/>\n<meta property=\"og:site_name\" content=\"Magn\u00e9tiseur \u00e0 Distance\" \/>\n<meta property=\"article:modified_time\" content=\"2026-01-10T14:39:04+00:00\" \/>\n<meta property=\"og:image\" content=\"https:\/\/www.magnetiseur-a-distance.net\/wp-content\/uploads\/2023\/10\/IMG_1857-1-rotated.jpg\" \/>\n\t<meta property=\"og:image:width\" content=\"480\" \/>\n\t<meta property=\"og:image:height\" content=\"640\" \/>\n\t<meta property=\"og:image:type\" content=\"image\/jpeg\" \/>\n<meta name=\"twitter:card\" content=\"summary_large_image\" \/>\n<meta name=\"twitter:label1\" content=\"Dur\u00e9e de lecture estim\u00e9e\" \/>\n\t<meta name=\"twitter:data1\" content=\"1 minute\" \/>\n<script type=\"application\/ld+json\" class=\"yoast-schema-graph\">{\"@context\":\"https:\/\/schema.org\",\"@graph\":[{\"@type\":\"WebPage\",\"@id\":\"https:\/\/www.magnetiseur-a-distance.net\/index.php\/radiesthesie\/\",\"url\":\"https:\/\/www.magnetiseur-a-distance.net\/index.php\/radiesthesie\/\",\"name\":\"Utilisation de la radiesth\u00e9sie - Magn\u00e9tiseur \u00e0 Distance\",\"isPartOf\":{\"@id\":\"https:\/\/www.magnetiseur-a-distance.net\/#website\"},\"primaryImageOfPage\":{\"@id\":\"https:\/\/www.magnetiseur-a-distance.net\/index.php\/radiesthesie\/#primaryimage\"},\"image\":{\"@id\":\"https:\/\/www.magnetiseur-a-distance.net\/index.php\/radiesthesie\/#primaryimage\"},\"thumbnailUrl\":\"https:\/\/magnetiseur-a-distance.net\/wp-content\/uploads\/2023\/10\/IMG_1857-1-rotated.jpg\",\"datePublished\":\"2023-10-30T15:40:18+00:00\",\"dateModified\":\"2026-01-10T14:39:04+00:00\",\"breadcrumb\":{\"@id\":\"https:\/\/www.magnetiseur-a-distance.net\/index.php\/radiesthesie\/#breadcrumb\"},\"inLanguage\":\"fr-FR\",\"potentialAction\":[{\"@type\":\"ReadAction\",\"target\":[\"https:\/\/www.magnetiseur-a-distance.net\/index.php\/radiesthesie\/\"]}]},{\"@type\":\"ImageObject\",\"inLanguage\":\"fr-FR\",\"@id\":\"https:\/\/www.magnetiseur-a-distance.net\/index.php\/radiesthesie\/#primaryimage\",\"url\":\"https:\/\/magnetiseur-a-distance.net\/wp-content\/uploads\/2023\/10\/IMG_1857-1-rotated.jpg\",\"contentUrl\":\"https:\/\/magnetiseur-a-distance.net\/wp-content\/uploads\/2023\/10\/IMG_1857-1-rotated.jpg\"},{\"@type\":\"BreadcrumbList\",\"@id\":\"https:\/\/www.magnetiseur-a-distance.net\/index.php\/radiesthesie\/#breadcrumb\",\"itemListElement\":[{\"@type\":\"ListItem\",\"position\":1,\"name\":\"Accueil\",\"item\":\"https:\/\/www.magnetiseur-a-distance.net\/\"},{\"@type\":\"ListItem\",\"position\":2,\"name\":\"Utilisation de la radiesth\u00e9sie\"}]},{\"@type\":\"WebSite\",\"@id\":\"https:\/\/www.magnetiseur-a-distance.net\/#website\",\"url\":\"https:\/\/www.magnetiseur-a-distance.net\/\",\"name\":\"Magn\u00e9tiseur \u00e0 Distance\",\"description\":\"Magn\u00e9tiseur \u00e0 distance\",\"publisher\":{\"@id\":\"https:\/\/www.magnetiseur-a-distance.net\/#organization\"},\"potentialAction\":[{\"@type\":\"SearchAction\",\"target\":{\"@type\":\"EntryPoint\",\"urlTemplate\":\"https:\/\/www.magnetiseur-a-distance.net\/?s={search_term_string}\"},\"query-input\":{\"@type\":\"PropertyValueSpecification\",\"valueRequired\":true,\"valueName\":\"search_term_string\"}}],\"inLanguage\":\"fr-FR\"},{\"@type\":\"Organization\",\"@id\":\"https:\/\/www.magnetiseur-a-distance.net\/#organization\",\"name\":\"Magn\u00e9tiseur \u00e0 Distance\",\"url\":\"https:\/\/www.magnetiseur-a-distance.net\/\",\"logo\":{\"@type\":\"ImageObject\",\"inLanguage\":\"fr-FR\",\"@id\":\"https:\/\/www.magnetiseur-a-distance.net\/#\/schema\/logo\/image\/\",\"url\":\"https:\/\/www.magnetiseur-a-distance.net\/wp-content\/uploads\/2023\/10\/cropped-cropped-cropped-Logo.png\",\"contentUrl\":\"https:\/\/www.magnetiseur-a-distance.net\/wp-content\/uploads\/2023\/10\/cropped-cropped-cropped-Logo.png\",\"width\":450,\"height\":483,\"caption\":\"Magn\u00e9tiseur \u00e0 Distance\"},\"image\":{\"@id\":\"https:\/\/www.magnetiseur-a-distance.net\/#\/schema\/logo\/image\/\"}}]}<\/script>\n<!-- \/ Yoast SEO plugin. -->","yoast_head_json":{"title":"Utilisation de la radiesth\u00e9sie - Magn\u00e9tiseur \u00e0 Distance","robots":{"index":"index","follow":"follow","max-snippet":"max-snippet:-1","max-image-preview":"max-image-preview:large","max-video-preview":"max-video-preview:-1"},"canonical":"https:\/\/www.magnetiseur-a-distance.net\/index.php\/radiesthesie\/","og_locale":"fr_FR","og_type":"article","og_title":"Utilisation de la radiesth\u00e9sie - Magn\u00e9tiseur \u00e0 Distance","og_description":"Article sur la radiesth\u00e9sie publi\u00e9 par femme actuelle le 26 Mars 2021 ici","og_url":"https:\/\/www.magnetiseur-a-distance.net\/index.php\/radiesthesie\/","og_site_name":"Magn\u00e9tiseur \u00e0 Distance","article_modified_time":"2026-01-10T14:39:04+00:00","og_image":[{"width":480,"height":640,"url":"https:\/\/www.magnetiseur-a-distance.net\/wp-content\/uploads\/2023\/10\/IMG_1857-1-rotated.jpg","type":"image\/jpeg"}],"twitter_card":"summary_large_image","twitter_misc":{"Dur\u00e9e de lecture estim\u00e9e":"1 minute"},"schema":{"@context":"https:\/\/schema.org","@graph":[{"@type":"WebPage","@id":"https:\/\/www.magnetiseur-a-distance.net\/index.php\/radiesthesie\/","url":"https:\/\/www.magnetiseur-a-distance.net\/index.php\/radiesthesie\/","name":"Utilisation de la radiesth\u00e9sie - Magn\u00e9tiseur \u00e0 Distance","isPartOf":{"@id":"https:\/\/www.magnetiseur-a-distance.net\/#website"},"primaryImageOfPage":{"@id":"https:\/\/www.magnetiseur-a-distance.net\/index.php\/radiesthesie\/#primaryimage"},"image":{"@id":"https:\/\/www.magnetiseur-a-distance.net\/index.php\/radiesthesie\/#primaryimage"},"thumbnailUrl":"https:\/\/magnetiseur-a-distance.net\/wp-content\/uploads\/2023\/10\/IMG_1857-1-rotated.jpg","datePublished":"2023-10-30T15:40:18+00:00","dateModified":"2026-01-10T14:39:04+00:00","breadcrumb":{"@id":"https:\/\/www.magnetiseur-a-distance.net\/index.php\/radiesthesie\/#breadcrumb"},"inLanguage":"fr-FR","potentialAction":[{"@type":"ReadAction","target":["https:\/\/www.magnetiseur-a-distance.net\/index.php\/radiesthesie\/"]}]},{"@type":"ImageObject","inLanguage":"fr-FR","@id":"https:\/\/www.magnetiseur-a-distance.net\/index.php\/radiesthesie\/#primaryimage","url":"https:\/\/magnetiseur-a-distance.net\/wp-content\/uploads\/2023\/10\/IMG_1857-1-rotated.jpg","contentUrl":"https:\/\/magnetiseur-a-distance.net\/wp-content\/uploads\/2023\/10\/IMG_1857-1-rotated.jpg"},{"@type":"BreadcrumbList","@id":"https:\/\/www.magnetiseur-a-distance.net\/index.php\/radiesthesie\/#breadcrumb","itemListElement":[{"@type":"ListItem","position":1,"name":"Accueil","item":"https:\/\/www.magnetiseur-a-distance.net\/"},{"@type":"ListItem","position":2,"name":"Utilisation de la radiesth\u00e9sie"}]},{"@type":"WebSite","@id":"https:\/\/www.magnetiseur-a-distance.net\/#website","url":"https:\/\/www.magnetiseur-a-distance.net\/","name":"Magn\u00e9tiseur \u00e0 Distance","description":"Magn\u00e9tiseur \u00e0 distance","publisher":{"@id":"https:\/\/www.magnetiseur-a-distance.net\/#organization"},"potentialAction":[{"@type":"SearchAction","target":{"@type":"EntryPoint","urlTemplate":"https:\/\/www.magnetiseur-a-distance.net\/?s={search_term_string}"},"query-input":{"@type":"PropertyValueSpecification","valueRequired":true,"valueName":"search_term_string"}}],"inLanguage":"fr-FR"},{"@type":"Organization","@id":"https:\/\/www.magnetiseur-a-distance.net\/#organization","name":"Magn\u00e9tiseur \u00e0 Distance","url":"https:\/\/www.magnetiseur-a-distance.net\/","logo":{"@type":"ImageObject","inLanguage":"fr-FR","@id":"https:\/\/www.magnetiseur-a-distance.net\/#\/schema\/logo\/image\/","url":"https:\/\/www.magnetiseur-a-distance.net\/wp-content\/uploads\/2023\/10\/cropped-cropped-cropped-Logo.png","contentUrl":"https:\/\/www.magnetiseur-a-distance.net\/wp-content\/uploads\/2023\/10\/cropped-cropped-cropped-Logo.png","width":450,"height":483,"caption":"Magn\u00e9tiseur \u00e0 Distance"},"image":{"@id":"https:\/\/www.magnetiseur-a-distance.net\/#\/schema\/logo\/image\/"}}]}},"uagb_featured_image_src":{"full":false,"thumbnail":false,"medium":false,"medium_large":false,"large":false,"1536x1536":false,"2048x2048":false},"uagb_author_info":{"display_name":"magnetismeherault","author_link":"https:\/\/www.magnetiseur-a-distance.net\/index.php\/author\/magnetismeherault\/"},"uagb_comment_info":0,"uagb_excerpt":"Article sur la radiesth\u00e9sie publi\u00e9 par femme actuelle le 26 Mars 2021 ici","_links":{"self":[{"href":"https:\/\/www.magnetiseur-a-distance.net\/index.php\/wp-json\/wp\/v2\/pages\/117","targetHints":{"allow":["GET"]}}],"collection":[{"href":"https:\/\/www.magnetiseur-a-distance.net\/index.php\/wp-json\/wp\/v2\/pages"}],"about":[{"href":"https:\/\/www.magnetiseur-a-distance.net\/index.php\/wp-json\/wp\/v2\/types\/page"}],"author":[{"embeddable":true,"href":"https:\/\/www.magnetiseur-a-distance.net\/index.php\/wp-json\/wp\/v2\/users\/1"}],"replies":[{"embeddable":true,"href":"https:\/\/www.magnetiseur-a-distance.net\/index.php\/wp-json\/wp\/v2\/comments?post=117"}],"version-history":[{"count":15,"href":"https:\/\/www.magnetiseur-a-distance.net\/index.php\/wp-json\/wp\/v2\/pages\/117\/revisions"}],"predecessor-version":[{"id":660,"href":"https:\/\/www.magnetiseur-a-distance.net\/index.php\/wp-json\/wp\/v2\/pages\/117\/revisions\/660"}],"wp:attachment":[{"href":"https:\/\/www.magnetiseur-a-distance.net\/index.php\/wp-json\/wp\/v2\/media?parent=117"}],"curies":[{"name":"wp","href":"https:\/\/api.w.org\/{rel}","templated":true}]}}